{"id":1013,"date":"2019-05-16T09:31:15","date_gmt":"2019-05-16T09:31:15","guid":{"rendered":"https:\/\/www.goldenvisa-greece.com\/\/bizimle-calisin\/"},"modified":"2022-04-11T15:50:27","modified_gmt":"2022-04-11T13:50:27","slug":"bizimle-calisin","status":"publish","type":"page","link":"https:\/\/www.goldenvisa-greece.com\/tr\/bizimle-calisin\/","title":{"rendered":"Bizimle \u00e7al\u0131\u015f\u0131n"},"content":{"rendered":"<div class=\"wpb-content-wrapper\"><p>[vc_row full_width=&#8221;stretch_row&#8221; rtl_reverse=&#8221;yes&#8221; vc_row_background=&#8221;&#8221; background_repeat=&#8221;no-repeat&#8221; background_position=&#8221;center center&#8221; background_attachment=&#8221;scroll&#8221; background_size=&#8221;cover&#8221; css=&#8221;.vc_custom_1558360358904{margin-top: -30px !important;background: rgba(12,12,12,0.21) url(https:\/\/www.goldenvisa-greece.com\/wp-content\/uploads\/2019\/05\/work-with-us.jpg?id=805) !important;background-position: center !important;background-repeat: no-repeat !important;background-size: cover !important;*background-color: rgb(12,12,12) !important;}&#8221;][vc_column parallax=&#8221;content-moving&#8221; parallax_image=&#8221;502&#8243; width=&#8221;1\/2&#8243;][vc_row_inner][vc_column_inner offset=&#8221;vc_hidden-sm vc_hidden-xs&#8221;][vc_empty_space height=&#8221;20px&#8221;][vc_empty_space height=&#8221;100px&#8221;][\/vc_column_inner][\/vc_row_inner][vc_row_inner][vc_column_inner][vc_empty_space height=&#8221;40px&#8221;][vc_cta h2=&#8221;&#8221; style=&#8221;custom&#8221; css_animation=&#8221;none&#8221; custom_background=&#8221;rgba(0,0,0,0.01)&#8221; custom_text=&#8221;#ffffff&#8221; el_class=&#8221;CallToAction CallToAction-h1&#8243;]<\/p>\n<h1>Investment consultants in Athens, Greece<\/h1>\n<p>[\/vc_cta][vc_empty_space height=&#8221;40px&#8221;][\/vc_column_inner][\/vc_row_inner][vc_row_inner][vc_column_inner offset=&#8221;vc_hidden-sm vc_hidden-xs&#8221;][vc_empty_space height=&#8221;20px&#8221;][vc_empty_space height=&#8221;100px&#8221;][\/vc_column_inner][\/vc_row_inner][\/vc_column][vc_column width=&#8221;1\/2&#8243; offset=&#8221;vc_hidden-sm vc_hidden-xs&#8221;][\/vc_column][\/vc_row][vc_row][vc_column][vc_empty_space height=&#8221;20px&#8221;][vc_raw_html]W3dwc2VvX2JyZWFkY3J1bWJd[\/vc_raw_html][\/vc_column][\/vc_row][vc_row full_width=&#8221;stretch_row&#8221; rtl_reverse=&#8221;yes&#8221; vc_row_background=&#8221;&#8221; css=&#8221;.vc_custom_1558360469497{border-bottom-width: 1px !important;border-bottom-color: #eeeeee !important;border-bottom-style: none !important;}&#8221;][vc_column width=&#8221;1\/4&#8243;][vc_empty_space height=&#8221;40px&#8221;][vc_separator color=&#8221;custom&#8221; border_width=&#8221;8&#8243; accent_color=&#8221;#a59571&#8243;][vc_row_inner][vc_column_inner][vc_custom_heading text=&#8221;Work with Golden Visa investment consultants in Greece&#8221; use_theme_fonts=&#8221;yes&#8221; el_class=&#8221;bold&#8221;][\/vc_column_inner][\/vc_row_inner][\/vc_column][vc_column width=&#8221;3\/4&#8243;][vc_row_inner][vc_column_inner offset=&#8221;vc_hidden-xs&#8221;][vc_empty_space height=&#8221;40px&#8221;][\/vc_column_inner][\/vc_row_inner][vc_separator color=&#8221;custom&#8221; border_width=&#8221;8&#8243; accent_color=&#8221;#a59571&#8243;][vc_row_inner][vc_column_inner][vc_custom_heading text=&#8221;Atina\u2019da Golden Visa yat\u0131r\u0131m program\u0131 ile ikamet konusunda uzmanla\u015fm\u0131\u015f dan\u0131\u015fmanlar ile \u00e7al\u0131\u015f\u0131n.&#8221; font_container=&#8221;tag:h2|text_align:left|color:%23a59571&#8243; use_theme_fonts=&#8221;yes&#8221;][vc_column_text]\u015eirketimizin inan\u00e7lar\u0131n\u0131 kucaklayan insanlarla yeni i\u015fbirliklerine her zaman a\u00e7\u0131\u011f\u0131z. Bizimle \u00e7al\u0131\u015fmakla ilgileniyorsan\u0131z, l\u00fctfen ilanlar\u0131m\u0131za g\u00f6z at\u0131n veya alternatif fikirleriniz i\u00e7in bize ula\u015fmaktan \u00e7ekinmeyin![\/vc_column_text][\/vc_column_inner][\/vc_row_inner][\/vc_column][\/vc_row][vc_row full_width=&#8221;stretch_row&#8221; rtl_reverse=&#8221;yes&#8221; css_animation=&#8221;none&#8221; vc_row_background=&#8221;&#8221; css=&#8221;.vc_custom_1571920933986{border-bottom-width: 1px !important;border-bottom-color: #eeeeee !important;border-bottom-style: none !important;}&#8221;][vc_column width=&#8221;1\/4&#8243;][vc_empty_space height=&#8221;40px&#8221;][vc_separator color=&#8221;custom&#8221; border_width=&#8221;8&#8243; accent_color=&#8221;#a59571&#8243;][vc_row_inner][vc_column_inner][vc_custom_heading text=&#8221;Jobs for English speaking people in Athens&#8221; use_theme_fonts=&#8221;yes&#8221; el_class=&#8221;bold&#8221;][\/vc_column_inner][\/vc_row_inner][\/vc_column][vc_column width=&#8221;3\/4&#8243;][vc_row_inner rtl_reverse=&#8221;yes&#8221;][vc_column_inner offset=&#8221;vc_hidden-xs&#8221;][vc_empty_space height=&#8221;40px&#8221;][\/vc_column_inner][\/vc_row_inner][vc_separator color=&#8221;custom&#8221; border_width=&#8221;8&#8243; accent_color=&#8221;#a59571&#8243;][vc_row_inner rtl_reverse=&#8221;yes&#8221;][vc_column_inner width=&#8221;1\/2&#8243;][vc_single_image image=&#8221;817&#8243; img_size=&#8221;&#8221; el_class=&#8221;mt-3&#8243;][vc_custom_heading text=&#8221;Sales positions for non-Greek speaking employees in Athens&#8221; font_container=&#8221;tag:h4|text_align:left&#8221; use_theme_fonts=&#8221;yes&#8221; el_class=&#8221;bold&#8221;][vc_column_text]Golden Visa Greece by Energopiisi embraces speculative applications, especially for sales positions. Our communications and sales department is in touch with potential international investors daily. If you have communications experience and sales skills please feel free to reach out at <a href=\"mailto:info@energopiisi.gr\">info@energopiisi.gr<\/a>.<\/p>\n<p>Impeccable English is a must, Chinese or Arabic or Turkish on a fluent or native level are desirable. Greek is an added bonus![\/vc_column_text][\/vc_column_inner][vc_column_inner width=&#8221;1\/2&#8243;][vc_single_image image=&#8221;825&#8243; img_size=&#8221;&#8221; el_class=&#8221;mt-3&#8243;][vc_custom_heading text=&#8221;Bizimle Freelancer olarak \u00e7al\u0131\u015f\u0131n&#8221; font_container=&#8221;tag:h4|text_align:left&#8221; use_theme_fonts=&#8221;yes&#8221; el_class=&#8221;bold&#8221;][vc_column_text]Golden Visa Greece by Energopiisi S.A collaborates with graphic designers, photographers, videographers and interior designers for different creative projects.<\/p>\n<p>Indicatively some projects that we have run so far are:<\/p>\n<ul>\n<li>Graphic designer for infographics.<\/li>\n<li>Photographer for real estate.<\/li>\n<li>Videographer for promotional videos.<\/li>\n<li>3D animator for interior design.<\/li>\n<\/ul>\n<p>&nbsp;<\/p>\n<p>If you&#8217;d like to work with us, feel free to email us with your ideas.[\/vc_column_text][vc_empty_space height=&#8221;1rem&#8221;][vc_column_text]Bizimle faaliyet alan\u0131m\u0131z\u0131 i\u00e7eren Portfolyonuzu ve Yarat\u0131c\u0131 Proje teklifinizi payla\u015f\u0131n.[\/vc_column_text][\/vc_column_inner][\/vc_row_inner][\/vc_column][\/vc_row][vc_row full_width=&#8221;stretch_row&#8221; rtl_reverse=&#8221;yes&#8221; css_animation=&#8221;none&#8221; vc_row_background=&#8221;&#8221; css=&#8221;.vc_custom_1571920942401{border-bottom-width: 1px !important;border-bottom-color: #eeeeee !important;border-bottom-style: none !important;}&#8221;][vc_column width=&#8221;1\/4&#8243;][vc_empty_space height=&#8221;40px&#8221;][vc_separator color=&#8221;custom&#8221; border_width=&#8221;8&#8243; accent_color=&#8221;#a59571&#8243;][vc_row_inner][vc_column_inner][vc_custom_heading text=&#8221;Sell your property with Golden Visa Greece&#8221; use_theme_fonts=&#8221;yes&#8221; el_class=&#8221;bold&#8221;][\/vc_column_inner][\/vc_row_inner][\/vc_column][vc_column width=&#8221;3\/4&#8243;][vc_row_inner][vc_column_inner offset=&#8221;vc_hidden-xs&#8221;][vc_empty_space height=&#8221;40px&#8221;][\/vc_column_inner][\/vc_row_inner][vc_separator color=&#8221;custom&#8221; border_width=&#8221;8&#8243; accent_color=&#8221;#a59571&#8243;][vc_row_inner][vc_column_inner width=&#8221;1\/2&#8243;][vc_single_image image=&#8221;821&#8243; img_size=&#8221;&#8221; el_class=&#8221;mt-3&#8243;][vc_custom_heading text=&#8221;Real estate agencies to work with Golden Visa clients&#8221; font_container=&#8221;tag:h4|text_align:left&#8221; use_theme_fonts=&#8221;yes&#8221; el_class=&#8221;bold&#8221;][vc_column_text]<br \/>\nYunanistan\u2019da emlak ofisleri ve emlak geli\u015ftiricileri\/arac\u0131lar\u0131 ile \u00e7al\u0131\u015fmaktay\u0131z. Ortakla\u015fa yapabilece\u011fimiz i\u015f f\u0131rsatlar\u0131 ve proje fikirlerinizi sizden duymak isteriz<br \/>\n[\/vc_column_text][\/vc_column_inner][vc_column_inner width=&#8221;1\/2&#8243;][vc_single_image image=&#8221;829&#8243; img_size=&#8221;&#8221; el_class=&#8221;mt-3&#8243;][vc_custom_heading text=&#8221;Sell your property to Golden Visa investors&#8221; font_container=&#8221;tag:h4|text_align:left&#8221; use_theme_fonts=&#8221;yes&#8221; el_class=&#8221;bold&#8221;][vc_column_text]Yunanistan\u2019da bir m\u00fclk\u00fcn\u00fcz varsa, sat\u0131\u015f ve i\u015fletme opsiyonlar\u0131 i\u00e7in bizimle ileti\u015fime ge\u00e7in. Foto\u011fraf ve m\u00fclk\u00fcn\u00fcz\u00fcn detayl\u0131 bilgilerini bizimle payla\u015f\u0131n, uzmanlar\u0131m\u0131z size geri d\u00f6n\u00fc\u015f yaps\u0131n.[\/vc_column_text][\/vc_column_inner][\/vc_row_inner][\/vc_column][\/vc_row][vc_row full_width=&#8221;stretch_row&#8221; rtl_reverse=&#8221;yes&#8221; vc_row_background=&#8221;&#8221;][vc_column width=&#8221;1\/4&#8243;][\/vc_column][vc_column width=&#8221;3\/4&#8243;][vc_empty_space height=&#8221;40px&#8221;][vc_separator color=&#8221;custom&#8221; border_width=&#8221;8&#8243; accent_color=&#8221;#a59571&#8243;][vc_empty_space height=&#8221;40px&#8221;][vc_column_text]L\u00fctfen yukar\u0131daki i\u015f ilanlar\u0131 i\u00e7in pozisyon unvan\u0131n\u0131 belirterek info@goldenvisa-greece.com adresinden bize mesaj at\u0131n.<\/p>\n<p>Sizinle tan\u0131\u015fmak i\u00e7in sab\u0131rs\u0131zlan\u0131yoruz![\/vc_column_text][vc_empty_space height=&#8221;40px&#8221;][\/vc_column][\/vc_row]<\/p>\n<\/div>","protected":false},"excerpt":{"rendered":"<p>[vc_row full_width=&#8221;stretch_row&#8221; rtl_reverse=&#8221;yes&#8221; vc_row_background=&#8221;&#8221; background_repeat=&#8221;no-repeat&#8221; background_position=&#8221;center center&#8221; background_attachment=&#8221;scroll&#8221; background_size=&#8221;cover&#8221; css=&#8221;.vc_custom_1558360358904{margin-top: -30px !important;background: rgba(12,12,12,0.21) url(https:\/\/www.goldenvisa-greece.com\/wp-content\/uploads\/2019\/05\/work-with-us.jpg?id=805) !important;background-position: center !important;background-repeat: no-repeat !important;background-size: cover !important;*background-color: rgb(12,12,12) !important;}&#8221;][vc_column parallax=&#8221;content-moving&#8221; parallax_image=&#8221;502&#8243; width=&#8221;1\/2&#8243;][vc_row_inner][vc_column_inner offset=&#8221;vc_hidden-sm vc_hidden-xs&#8221;][vc_empty_space height=&#8221;20px&#8221;][vc_empty_space height=&#8221;100px&#8221;][\/vc_column_inner][\/vc_row_inner][vc_row_inner][vc_column_inner][vc_empty_space height=&#8221;40px&#8221;][vc_cta h2=&#8221;&#8221; style=&#8221;custom&#8221; css_animation=&#8221;none&#8221; custom_background=&#8221;rgba(0,0,0,0.01)&#8221; custom_text=&#8221;#ffffff&#8221; el_class=&#8221;CallToAction CallToAction-h1&#8243;] Investment consultants in Athens, Greece [\/vc_cta][vc_empty_space height=&#8221;40px&#8221;][\/vc_column_inner][\/vc_row_inner][vc_row_inner][vc_column_inner offset=&#8221;vc_hidden-sm vc_hidden-xs&#8221;][vc_empty_space height=&#8221;20px&#8221;][vc_empty_space height=&#8221;100px&#8221;][\/vc_column_inner][\/vc_row_inner][\/vc_column][vc_column width=&#8221;1\/2&#8243; offset=&#8221;vc_hidden-sm vc_hidden-xs&#8221;][\/vc_column][\/vc_row][vc_row][vc_column][vc_empty_space height=&#8221;20px&#8221;][vc_raw_html]W3dwc2VvX2JyZWFkY3J1bWJd[\/vc_raw_html][\/vc_column][\/vc_row][vc_row full_width=&#8221;stretch_row&#8221; rtl_reverse=&#8221;yes&#8221; [&hellip;]<\/p>\n","protected":false},"author":1,"featured_media":55,"parent":0,"menu_order":0,"comment_status":"closed","ping_status":"closed","template":"template-builder.php","meta":{"footnotes":""},"class_list":["post-1013","page","type-page","status-publish","has-post-thumbnail","hentry"],"yoast_head":"<!-- This site is optimized with the Yoast SEO plugin v26.5 - https:\/\/yoast.com\/wordpress\/plugins\/seo\/ -->\n<title>Real estate consultants | Golden Visa Greece | Bizimle \u00e7al\u0131\u015f\u0131n<\/title>\n<meta name=\"description\" content=\"Your opportunity to work with the best real estate consultancy in Athens. We specialize in Golden visa, a residence permit by investment Programme\" \/>\n<meta name=\"robots\" content=\"index, follow, max-snippet:-1, max-image-preview:large, max-video-preview:-1\" \/>\n<link rel=\"canonical\" href=\"https:\/\/www.goldenvisa-greece.com\/tr\/bizimle-calisin\/\" \/>\n<meta property=\"og:locale\" content=\"tr_TR\" \/>\n<meta property=\"og:type\" content=\"article\" \/>\n<meta property=\"og:title\" content=\"Real estate consultants | Golden Visa Greece | Bizimle \u00e7al\u0131\u015f\u0131n\" \/>\n<meta property=\"og:description\" content=\"Your opportunity to work with the best real estate consultancy in Athens. We specialize in Golden visa, a residence permit by investment Programme\" \/>\n<meta property=\"og:url\" content=\"https:\/\/www.goldenvisa-greece.com\/tr\/bizimle-calisin\/\" \/>\n<meta property=\"og:site_name\" content=\"Golden Visa Greece\" \/>\n<meta property=\"article:publisher\" content=\"https:\/\/www.facebook.com\/goldenvisa.greece\/\" \/>\n<meta property=\"article:modified_time\" content=\"2022-04-11T13:50:27+00:00\" \/>\n<meta property=\"og:image\" content=\"https:\/\/www.goldenvisa-greece.com\/wp-content\/uploads\/2019\/05\/home.jpg\" \/>\n\t<meta property=\"og:image:width\" content=\"2800\" \/>\n\t<meta property=\"og:image:height\" content=\"1400\" \/>\n\t<meta property=\"og:image:type\" content=\"image\/jpeg\" \/>\n<meta name=\"twitter:card\" content=\"summary_large_image\" \/>\n<meta name=\"twitter:label1\" content=\"Tahmini okuma s\u00fcresi\" \/>\n\t<meta name=\"twitter:data1\" content=\"6 dakika\" \/>\n<script type=\"application\/ld+json\" class=\"yoast-schema-graph\">{\"@context\":\"https:\/\/schema.org\",\"@graph\":[{\"@type\":\"WebPage\",\"@id\":\"https:\/\/www.goldenvisa-greece.com\/tr\/bizimle-calisin\/\",\"url\":\"https:\/\/www.goldenvisa-greece.com\/tr\/bizimle-calisin\/\",\"name\":\"Real estate consultants | Golden Visa Greece | Bizimle \u00e7al\u0131\u015f\u0131n\",\"isPartOf\":{\"@id\":\"https:\/\/www.goldenvisa-greece.com\/tr\/#website\"},\"primaryImageOfPage\":{\"@id\":\"https:\/\/www.goldenvisa-greece.com\/tr\/bizimle-calisin\/#primaryimage\"},\"image\":{\"@id\":\"https:\/\/www.goldenvisa-greece.com\/tr\/bizimle-calisin\/#primaryimage\"},\"thumbnailUrl\":\"https:\/\/www.goldenvisa-greece.com\/wp-content\/uploads\/2019\/05\/home.jpg\",\"datePublished\":\"2019-05-16T09:31:15+00:00\",\"dateModified\":\"2022-04-11T13:50:27+00:00\",\"description\":\"Your opportunity to work with the best real estate consultancy in Athens. We specialize in Golden visa, a residence permit by investment Programme\",\"breadcrumb\":{\"@id\":\"https:\/\/www.goldenvisa-greece.com\/tr\/bizimle-calisin\/#breadcrumb\"},\"inLanguage\":\"tr\",\"potentialAction\":[{\"@type\":\"ReadAction\",\"target\":[\"https:\/\/www.goldenvisa-greece.com\/tr\/bizimle-calisin\/\"]}]},{\"@type\":\"ImageObject\",\"inLanguage\":\"tr\",\"@id\":\"https:\/\/www.goldenvisa-greece.com\/tr\/bizimle-calisin\/#primaryimage\",\"url\":\"https:\/\/www.goldenvisa-greece.com\/wp-content\/uploads\/2019\/05\/home.jpg\",\"contentUrl\":\"https:\/\/www.goldenvisa-greece.com\/wp-content\/uploads\/2019\/05\/home.jpg\",\"width\":2800,\"height\":1400,\"caption\":\"Greek Golden Visa\"},{\"@type\":\"BreadcrumbList\",\"@id\":\"https:\/\/www.goldenvisa-greece.com\/tr\/bizimle-calisin\/#breadcrumb\",\"itemListElement\":[{\"@type\":\"ListItem\",\"position\":1,\"name\":\"Home\",\"item\":\"https:\/\/www.goldenvisa-greece.com\/tr\/\"},{\"@type\":\"ListItem\",\"position\":2,\"name\":\"Bizimle \u00e7al\u0131\u015f\u0131n\"}]},{\"@type\":\"WebSite\",\"@id\":\"https:\/\/www.goldenvisa-greece.com\/tr\/#website\",\"url\":\"https:\/\/www.goldenvisa-greece.com\/tr\/\",\"name\":\"Golden Visa Greece\",\"description\":\"Golden Visa Greece by Energopoiisi A.E\",\"publisher\":{\"@id\":\"https:\/\/www.goldenvisa-greece.com\/tr\/#organization\"},\"alternateName\":\"Permanent residency by investment\",\"potentialAction\":[{\"@type\":\"SearchAction\",\"target\":{\"@type\":\"EntryPoint\",\"urlTemplate\":\"https:\/\/www.goldenvisa-greece.com\/tr\/?s={search_term_string}\"},\"query-input\":{\"@type\":\"PropertyValueSpecification\",\"valueRequired\":true,\"valueName\":\"search_term_string\"}}],\"inLanguage\":\"tr\"},{\"@type\":\"Organization\",\"@id\":\"https:\/\/www.goldenvisa-greece.com\/tr\/#organization\",\"name\":\"goldenvisa-greece.com\",\"url\":\"https:\/\/www.goldenvisa-greece.com\/tr\/\",\"logo\":{\"@type\":\"ImageObject\",\"inLanguage\":\"tr\",\"@id\":\"https:\/\/www.goldenvisa-greece.com\/tr\/#\/schema\/logo\/image\/\",\"url\":\"https:\/\/www.goldenvisa-greece.com\/wp-content\/uploads\/2019\/06\/GoldenVisaGreece.png\",\"contentUrl\":\"https:\/\/www.goldenvisa-greece.com\/wp-content\/uploads\/2019\/06\/GoldenVisaGreece.png\",\"width\":570,\"height\":170,\"caption\":\"goldenvisa-greece.com\"},\"image\":{\"@id\":\"https:\/\/www.goldenvisa-greece.com\/tr\/#\/schema\/logo\/image\/\"},\"sameAs\":[\"https:\/\/www.facebook.com\/goldenvisa.greece\/\",\"https:\/\/www.instagram.com\/goldenvisagreece\/\",\"https:\/\/www.linkedin.com\/company\/golden-visa-by-energopiisi-sa\/\"]}]}<\/script>\n<!-- \/ Yoast SEO plugin. -->","yoast_head_json":{"title":"Real estate consultants | Golden Visa Greece | Bizimle \u00e7al\u0131\u015f\u0131n","description":"Your opportunity to work with the best real estate consultancy in Athens. We specialize in Golden visa, a residence permit by investment Programme","robots":{"index":"index","follow":"follow","max-snippet":"max-snippet:-1","max-image-preview":"max-image-preview:large","max-video-preview":"max-video-preview:-1"},"canonical":"https:\/\/www.goldenvisa-greece.com\/tr\/bizimle-calisin\/","og_locale":"tr_TR","og_type":"article","og_title":"Real estate consultants | Golden Visa Greece | Bizimle \u00e7al\u0131\u015f\u0131n","og_description":"Your opportunity to work with the best real estate consultancy in Athens. We specialize in Golden visa, a residence permit by investment Programme","og_url":"https:\/\/www.goldenvisa-greece.com\/tr\/bizimle-calisin\/","og_site_name":"Golden Visa Greece","article_publisher":"https:\/\/www.facebook.com\/goldenvisa.greece\/","article_modified_time":"2022-04-11T13:50:27+00:00","og_image":[{"width":2800,"height":1400,"url":"https:\/\/www.goldenvisa-greece.com\/wp-content\/uploads\/2019\/05\/home.jpg","type":"image\/jpeg"}],"twitter_card":"summary_large_image","twitter_misc":{"Tahmini okuma s\u00fcresi":"6 dakika"},"schema":{"@context":"https:\/\/schema.org","@graph":[{"@type":"WebPage","@id":"https:\/\/www.goldenvisa-greece.com\/tr\/bizimle-calisin\/","url":"https:\/\/www.goldenvisa-greece.com\/tr\/bizimle-calisin\/","name":"Real estate consultants | Golden Visa Greece | Bizimle \u00e7al\u0131\u015f\u0131n","isPartOf":{"@id":"https:\/\/www.goldenvisa-greece.com\/tr\/#website"},"primaryImageOfPage":{"@id":"https:\/\/www.goldenvisa-greece.com\/tr\/bizimle-calisin\/#primaryimage"},"image":{"@id":"https:\/\/www.goldenvisa-greece.com\/tr\/bizimle-calisin\/#primaryimage"},"thumbnailUrl":"https:\/\/www.goldenvisa-greece.com\/wp-content\/uploads\/2019\/05\/home.jpg","datePublished":"2019-05-16T09:31:15+00:00","dateModified":"2022-04-11T13:50:27+00:00","description":"Your opportunity to work with the best real estate consultancy in Athens. We specialize in Golden visa, a residence permit by investment Programme","breadcrumb":{"@id":"https:\/\/www.goldenvisa-greece.com\/tr\/bizimle-calisin\/#breadcrumb"},"inLanguage":"tr","potentialAction":[{"@type":"ReadAction","target":["https:\/\/www.goldenvisa-greece.com\/tr\/bizimle-calisin\/"]}]},{"@type":"ImageObject","inLanguage":"tr","@id":"https:\/\/www.goldenvisa-greece.com\/tr\/bizimle-calisin\/#primaryimage","url":"https:\/\/www.goldenvisa-greece.com\/wp-content\/uploads\/2019\/05\/home.jpg","contentUrl":"https:\/\/www.goldenvisa-greece.com\/wp-content\/uploads\/2019\/05\/home.jpg","width":2800,"height":1400,"caption":"Greek Golden Visa"},{"@type":"BreadcrumbList","@id":"https:\/\/www.goldenvisa-greece.com\/tr\/bizimle-calisin\/#breadcrumb","itemListElement":[{"@type":"ListItem","position":1,"name":"Home","item":"https:\/\/www.goldenvisa-greece.com\/tr\/"},{"@type":"ListItem","position":2,"name":"Bizimle \u00e7al\u0131\u015f\u0131n"}]},{"@type":"WebSite","@id":"https:\/\/www.goldenvisa-greece.com\/tr\/#website","url":"https:\/\/www.goldenvisa-greece.com\/tr\/","name":"Golden Visa Greece","description":"Golden Visa Greece by Energopoiisi A.E","publisher":{"@id":"https:\/\/www.goldenvisa-greece.com\/tr\/#organization"},"alternateName":"Permanent residency by investment","potentialAction":[{"@type":"SearchAction","target":{"@type":"EntryPoint","urlTemplate":"https:\/\/www.goldenvisa-greece.com\/tr\/?s={search_term_string}"},"query-input":{"@type":"PropertyValueSpecification","valueRequired":true,"valueName":"search_term_string"}}],"inLanguage":"tr"},{"@type":"Organization","@id":"https:\/\/www.goldenvisa-greece.com\/tr\/#organization","name":"goldenvisa-greece.com","url":"https:\/\/www.goldenvisa-greece.com\/tr\/","logo":{"@type":"ImageObject","inLanguage":"tr","@id":"https:\/\/www.goldenvisa-greece.com\/tr\/#\/schema\/logo\/image\/","url":"https:\/\/www.goldenvisa-greece.com\/wp-content\/uploads\/2019\/06\/GoldenVisaGreece.png","contentUrl":"https:\/\/www.goldenvisa-greece.com\/wp-content\/uploads\/2019\/06\/GoldenVisaGreece.png","width":570,"height":170,"caption":"goldenvisa-greece.com"},"image":{"@id":"https:\/\/www.goldenvisa-greece.com\/tr\/#\/schema\/logo\/image\/"},"sameAs":["https:\/\/www.facebook.com\/goldenvisa.greece\/","https:\/\/www.instagram.com\/goldenvisagreece\/","https:\/\/www.linkedin.com\/company\/golden-visa-by-energopiisi-sa\/"]}]}},"_links":{"self":[{"href":"https:\/\/www.goldenvisa-greece.com\/tr\/wp-json\/wp\/v2\/pages\/1013","targetHints":{"allow":["GET"]}}],"collection":[{"href":"https:\/\/www.goldenvisa-greece.com\/tr\/wp-json\/wp\/v2\/pages"}],"about":[{"href":"https:\/\/www.goldenvisa-greece.com\/tr\/wp-json\/wp\/v2\/types\/page"}],"author":[{"embeddable":true,"href":"https:\/\/www.goldenvisa-greece.com\/tr\/wp-json\/wp\/v2\/users\/1"}],"replies":[{"embeddable":true,"href":"https:\/\/www.goldenvisa-greece.com\/tr\/wp-json\/wp\/v2\/comments?post=1013"}],"version-history":[{"count":12,"href":"https:\/\/www.goldenvisa-greece.com\/tr\/wp-json\/wp\/v2\/pages\/1013\/revisions"}],"predecessor-version":[{"id":7517,"href":"https:\/\/www.goldenvisa-greece.com\/tr\/wp-json\/wp\/v2\/pages\/1013\/revisions\/7517"}],"wp:featuredmedia":[{"embeddable":true,"href":"https:\/\/www.goldenvisa-greece.com\/tr\/wp-json\/wp\/v2\/media\/55"}],"wp:attachment":[{"href":"https:\/\/www.goldenvisa-greece.com\/tr\/wp-json\/wp\/v2\/media?parent=1013"}],"curies":[{"name":"wp","href":"https:\/\/api.w.org\/{rel}","templated":true}]}}